{"id":214,"date":"2021-04-20T19:57:09","date_gmt":"2021-04-20T17:57:09","guid":{"rendered":"https:\/\/www.domussuperior.com\/?page_id=214"},"modified":"2025-11-28T16:14:17","modified_gmt":"2025-11-28T15:14:17","slug":"wo-wir-sind","status":"publish","type":"page","link":"https:\/\/www.domussuperior.com\/de\/wo-wir-sind\/","title":{"rendered":"Wo wir sind"},"content":{"rendered":"<p>[vc_row full_width=&#8220;stretch_row_content&#8220;][vc_column]\n\t\t\t<!-- START Location REVOLUTION SLIDER 6.4.5 --><p class=\"rs-p-wp-fix\"><\/p>\n\t\t\t<rs-module-wrap id=\"rev_slider_5_1_wrapper\" data-source=\"gallery\" style=\"background:transparent;padding:0;\">\n\t\t\t\t<rs-module id=\"rev_slider_5_1\" style=\"\" data-version=\"6.4.5\">\n\t\t\t\t\t<rs-slides>\n\t\t\t\t\t\t<rs-slide data-key=\"rs-11\" data-title=\"Slide\" data-in=\"o:0;\" data-out=\"a:false;\">\n\t\t\t\t\t\t\t<img src=\"\/\/www.domussuperior.com\/wp-content\/uploads\/2021\/03\/sfondo-5.jpg\" title=\"sfondo-5\" width=\"2560\" height=\"1440\" class=\"rev-slidebg tp-rs-img\" data-no-retina>\n<!---->\t\t\t\t\t\t<\/rs-slide>\n\t\t\t\t\t<\/rs-slides>\n\t\t\t\t<\/rs-module>\n\t\t\t\t<script type=\"text\/javascript\">\n\t\t\t\t\tsetREVStartSize({c: 'rev_slider_5_1',rl:[1240,1024,778,480],el:[900],gw:[1240],gh:[900],type:'standard',justify:'',layout:'fullscreen',offsetContainer:'',offset:'',mh:\"0\"});\n\t\t\t\t\tvar\trevapi5,\n\t\t\t\t\t\ttpj;\n\t\t\t\t\tfunction revinit_revslider51() {\n\t\t\t\t\tjQuery(function() {\n\t\t\t\t\t\ttpj = jQuery;\n\t\t\t\t\t\trevapi5 = tpj(\"#rev_slider_5_1\");\n\t\t\t\t\t\tif(revapi5==undefined || revapi5.revolution == undefined){\n\t\t\t\t\t\t\trevslider_showDoubleJqueryError(\"rev_slider_5_1\");\n\t\t\t\t\t\t}else{\n\t\t\t\t\t\t\trevapi5.revolution({\n\t\t\t\t\t\t\t\tsliderLayout:\"fullscreen\",\n\t\t\t\t\t\t\t\tvisibilityLevels:\"1240,1024,778,480\",\n\t\t\t\t\t\t\t\tgridwidth:1240,\n\t\t\t\t\t\t\t\tgridheight:900,\n\t\t\t\t\t\t\t\tperspective:600,\n\t\t\t\t\t\t\t\tperspectiveType:\"global\",\n\t\t\t\t\t\t\t\teditorheight:\"900,768,960,720\",\n\t\t\t\t\t\t\t\tresponsiveLevels:\"1240,1024,778,480\",\n\t\t\t\t\t\t\t\tprogressBar:{disableProgressBar:true},\n\t\t\t\t\t\t\t\tnavigation: {\n\t\t\t\t\t\t\t\t\tonHoverStop:false\n\t\t\t\t\t\t\t\t},\n\t\t\t\t\t\t\t\tfallbacks: {\n\t\t\t\t\t\t\t\t\tallowHTML5AutoPlayOnAndroid:true\n\t\t\t\t\t\t\t\t},\n\t\t\t\t\t\t\t});\n\t\t\t\t\t\t}\n\t\t\t\t\t\t\n\t\t\t\t\t});\n\t\t\t\t\t} \/\/ End of RevInitScript\n\t\t\t\tvar once_revslider51 = false;\n\t\t\t\tif (document.readyState === \"loading\") {document.addEventListener('readystatechange',function() { if((document.readyState === \"interactive\" || document.readyState === \"complete\") && !once_revslider51 ) { once_revslider51 = true; revinit_revslider51();}});} else {once_revslider51 = true; revinit_revslider51();}\n\t\t\t\t<\/script>\n\t\t\t<\/rs-module-wrap>\n\t\t\t<!-- END REVOLUTION SLIDER -->\n[vc_raw_html]JTNDZGl2JTIwY2xhc3MlM0QlMjJhcnJvdy13cmFwcGVyJTIyJTNFJTNDZGl2JTIwY2xhc3MlM0QlMjJhcnJvdyUyMiUzRSUzQyUyRmRpdiUzRSUzQyUyRmRpdiUzRQ==[\/vc_raw_html][\/vc_column][\/vc_row][vc_row full_width=&#8220;stretch_row_content&#8220;][vc_column][vc_empty_space height=&#8220;100px&#8220;][vc_column_text]<\/p>\n<h1 style=\"text-align: center;\">WO WIR SIND<\/h1>\n<p>[\/vc_column_text][vc_empty_space height=&#8220;50px&#8220;][\/vc_column][\/vc_row][vc_row][vc_column][vc_column_text]<br \/>\n[\/vc_column_text][\/vc_column][\/vc_row][vc_row css=&#8220;.vc_custom_1547553006946{padding-top: 10px !important;padding-bottom: 50px !important;}&#8220;][vc_column][vc_column_text]<\/p>\n<p style=\"text-align: center;\">Domus Superior steht im Viertel San Marco, hinter dem Theater La Fenice, 5 Minuten vom Markusplatz zu Fu\u00df.<\/p>\n<p style=\"text-align: center;\">Bei uns k\u00f6nnen Sie Transfer Service vorbestellen, mit Wassertaxi bis zum Wassertor des Beherbergungsbetriebs. F\u00fcr weitere Ausk\u00fcnfte benutzen Sie bitte das daf\u00fcr vorgesehene Formular, um sich mit uns in Verbindung zu setzen.<\/p>\n<p style=\"text-align: center;\">Domus Superior ist auch mit den \u00f6ffentlichen Schiffen (Wasserbussen oder Vaporetti) erreichbar:\u00a0 Ausstieg an der Haltestelle S. Maria del Giglio.<\/p>\n<p>[\/vc_column_text][\/vc_column][\/vc_row][vc_row full_width=&#8220;stretch_row_content_no_spaces&#8220;][vc_column][vc_gmaps link=&#8220;#E-8_JTNDaWZyYW1lJTIwc3JjJTNEJTIyaHR0cHMlM0ElMkYlMkZ3d3cuZ29vZ2xlLmNvbSUyRm1hcHMlMkZlbWJlZCUzRnBiJTNEJTIxMW0xOCUyMTFtMTIlMjExbTMlMjExZDY2NTkuMDk0MzkwMDc3NDExJTIxMmQxMi4zMzEzMzQ0NDYzMTM5MzklMjEzZDQ1LjQzMzQ0NjE2MzgyNDgwNCUyMTJtMyUyMTFmMCUyMTJmMCUyMTNmMCUyMTNtMiUyMTFpMTAyNCUyMTJpNzY4JTIxNGYxMy4xJTIxM20zJTIxMW0yJTIxMXMweDQ3N2ViMWQxMDFmZjczYjklMjUzQTB4OWIwOWYyYWFkMjcyMzBjOSUyMTJzRG9tdXMlMjUyMFN1cGVyaW9yJTIxNWUwJTIxM20yJTIxMXNpdCUyMTJzaXQlMjE0djE2MTY1MDUxNjAwODklMjE1bTIlMjExc2l0JTIxMnNpdCUyMiUyMHdpZHRoJTNEJTIyNjAwJTIyJTIwaGVpZ2h0JTNEJTIyNDUwJTIyJTIwc3R5bGUlM0QlMjJib3JkZXIlM0EwJTNCJTIyJTIwYWxsb3dmdWxsc2NyZWVuJTNEJTIyJTIyJTIwbG9hZGluZyUzRCUyMmxhenklMjIlM0UlM0MlMkZpZnJhbWUlM0U=&#8220; size=&#8220;800px&#8220;][vc_empty_space height=&#8220;40px&#8220;][\/vc_column][\/vc_row][vc_row css=&#8220;.vc_custom_1547712153347{padding-top: 50px !important;padding-bottom: 50px !important;}&#8220;][vc_column][vc_column_text]<\/p>\n<h2 style=\"text-align: center;\">Wie erreichen Sie uns?<\/h2>\n<p style=\"font-weight: 400; text-align: center;\">Bitte beachten Sie, dass bei direkt \u00fcber uns gebuchten Wassertaxis die Ankunft und Abfahrt von unserem privaten Bootsanleger garantiert ist. F\u00fcr Wassertaxis, die von G\u00e4sten direkt bei anderen Unternehmen gebucht wurden, k\u00f6nnen wir die Ankunft am Bootsanleger nicht garantieren.<\/p>\n<p style=\"font-weight: 400; text-align: center;\">Bitte kontaktieren Sie uns via E-Mail, um Ihre Reservierung vorzunehmen. Wir helfen Ihnen gerne weiter bei der Organisation Ihres Transfers. Zwischen 22:00 und 07:00 Uhr wird ein Nachtzuschlag von 10,00 \u20ac auf den Gesamtpreis erhoben.<\/p>\n<p>[\/vc_column_text][\/vc_column][\/vc_row][vc_row full_width=&#8220;stretch_row_content&#8220; gap=&#8220;35&#8243; css=&#8220;.vc_custom_1547712291318{padding-bottom: 50px !important;}&#8220;][vc_column width=&#8220;1\/3&#8243; css=&#8220;.vc_custom_1617203516968{padding-top: 35px !important;padding-right: 35px !important;padding-bottom: 35px !important;padding-left: 35px !important;background-color: #111111 !important;}&#8220;][vc_icon icon_fontawesome=&#8220;fa fa-plane&#8220; color=&#8220;black&#8220; size=&#8220;xl&#8220; align=&#8220;center&#8220;][vc_column_text]<\/p>\n<p style=\"text-align: center;\"><strong>Flughafen Marco Polo<\/strong><br \/>\nFolgen Sie bitte dem Wegweiser \u201etrasporti via acqua \u2013 water transport\u201c, nehmen Sie das Schiff der Orange Linie \u201eAlilaguna\u201c, und steigen Sie an der Haltestelle S. Maria del Giglio aus. Von dort aus, k\u00f6nnen Sie Domus Superior in 2 Minuten zu Fu\u00df erreichen.<\/p>\n<p style=\"text-align: center;\"><strong>Flughafen Canova Treviso<\/strong><br \/>\nSie k\u00f6nnen vom Flughafen den Bus ATVO nach Venedig nehmen, bis zur Endstation \u201ePiazzale Roma\u201c (Busbahnhof in Venedig). Von dort aus k\u00f6nnen Sie den \u00f6ffentlichen Wasserbus nehmen: Linie 1, Ausstieg an der Haltestelle S. Maria del Giglio, und dann 2 Minuten zu Fu\u00df.<\/p>\n<p>[\/vc_column_text][\/vc_column][vc_column width=&#8220;1\/3&#8243; css=&#8220;.vc_custom_1617203524041{padding-top: 35px !important;padding-right: 35px !important;padding-bottom: 35px !important;padding-left: 35px !important;background-color: #111111 !important;}&#8220;][vc_icon icon_fontawesome=&#8220;fa fa-car&#8220; color=&#8220;black&#8220; size=&#8220;xl&#8220; align=&#8220;center&#8220;][vc_column_text]<\/p>\n<p style=\"text-align: center;\"><strong>AUTO<\/strong><\/p>\n<p style=\"text-align: center;\">Ausfahrt der Autobahn A4: Venedig.<\/p>\n<p style=\"text-align: center;\">Weiter bis Sie, nach der Ponte della Libert\u00e0 (die Br\u00fccke, die Venedig mit dem Festland verbindet) und gerade aus nach der Ampel, Piazzale Roma erreichen. Dort sind die 2 Parkh\u00e4user AVM Autorimessa Comunale und Garage San Marco), wo Sie das Auto abstellen k\u00f6nnen.<\/p>\n<p style=\"text-align: center;\">Von Piazzale Roma k\u00f6nnen Sie den \u00f6ffentlichen Wasserbus (vaporetto) nehmen: Linie 1, Ausstieg an der Haltestelle S. Maria del Giglio, und dann 2 Minuten zu Fu\u00df.<\/p>\n<p>[\/vc_column_text][\/vc_column][vc_column width=&#8220;1\/3&#8243; css=&#8220;.vc_custom_1617203529842{padding-top: 35px !important;padding-right: 35px !important;padding-bottom: 35px !important;padding-left: 35px !important;background-color: #111111 !important;}&#8220;][vc_icon icon_fontawesome=&#8220;fa fa-train&#8220; color=&#8220;black&#8220; size=&#8220;xl&#8220; align=&#8220;center&#8220;][vc_column_text]<\/p>\n<p style=\"text-align: center;\"><strong>ZUG<\/strong><\/p>\n<p style=\"text-align: center;\">Vom Bahnhof Venezia S. Lucia k\u00f6nnen Sie den \u00f6ffentlichen Wasserbus (vaporetto) nehmen: Linie 1, Ausstieg an der Haltestelle S. Maria del Giglio, und dann 2 Minuten zu Fu\u00df.<\/p>\n<p>[\/vc_column_text][\/vc_column][\/vc_row]<\/p>\n","protected":false},"excerpt":{"rendered":"<p>[vc_row full_width=&#8220;stretch_row_content&#8220;][vc_column][vc_raw_html]JTNDZGl2JTIwY2xhc3MlM0QlMjJhcnJvdy13cmFwcGVyJTIyJTNFJTNDZGl2JTIwY2xhc3MlM0QlMjJhcnJvdyUyMiUzRSUzQyUyRmRpdiUzRSUzQyUyRmRpdiUzRQ==[\/vc_raw_html][\/vc_column][\/vc_row][vc_row full_width=&#8220;stretch_row_content&#8220;][vc_column][vc_empty_space height=&#8220;100px&#8220;][vc_column_text] WO WIR SIND [\/vc_column_text][vc_empty_space height=&#8220;50px&#8220;][\/vc_column][\/vc_row][vc_row][vc_column][vc_column_text] [\/vc_column_text][\/vc_column][\/vc_row][vc_row css=&#8220;.vc_custom_1547553006946{padding-top: 10px !important;padding-bottom: 50px !important;}&#8220;][vc_column][vc_column_text] Domus Superior steht im Viertel San Marco, hinter dem Theater La Fenice, 5 Minuten vom Markusplatz zu Fu\u00df. Bei uns k\u00f6nnen Sie Transfer Service vorbestellen, mit Wassertaxi bis zum Wassertor des Beherbergungsbetriebs. F\u00fcr weitere Ausk\u00fcnfte benutzen Sie bitte das daf\u00fcr&hellip;<\/p>\n","protected":false},"author":1,"featured_media":0,"parent":0,"menu_order":0,"comment_status":"closed","ping_status":"closed","template":"","meta":{"_monsterinsights_skip_tracking":false,"_monsterinsights_sitenote_active":false,"_monsterinsights_sitenote_note":"","_monsterinsights_sitenote_category":0},"aioseo_notices":[],"_links":{"self":[{"href":"https:\/\/www.domussuperior.com\/de\/wp-json\/wp\/v2\/pages\/214"}],"collection":[{"href":"https:\/\/www.domussuperior.com\/de\/wp-json\/wp\/v2\/pages"}],"about":[{"href":"https:\/\/www.domussuperior.com\/de\/wp-json\/wp\/v2\/types\/page"}],"author":[{"embeddable":true,"href":"https:\/\/www.domussuperior.com\/de\/wp-json\/wp\/v2\/users\/1"}],"replies":[{"embeddable":true,"href":"https:\/\/www.domussuperior.com\/de\/wp-json\/wp\/v2\/comments?post=214"}],"version-history":[{"count":2,"href":"https:\/\/www.domussuperior.com\/de\/wp-json\/wp\/v2\/pages\/214\/revisions"}],"predecessor-version":[{"id":646,"href":"https:\/\/www.domussuperior.com\/de\/wp-json\/wp\/v2\/pages\/214\/revisions\/646"}],"wp:attachment":[{"href":"https:\/\/www.domussuperior.com\/de\/wp-json\/wp\/v2\/media?parent=214"}],"curies":[{"name":"wp","href":"https:\/\/api.w.org\/{rel}","templated":true}]}}