{"id":216,"date":"2021-04-20T20:00:14","date_gmt":"2021-04-20T18:00:14","guid":{"rendered":"https:\/\/www.domussuperior.com\/?page_id=216"},"modified":"2025-11-28T16:13:38","modified_gmt":"2025-11-28T15:13:38","slug":"ubicacion","status":"publish","type":"page","link":"https:\/\/www.domussuperior.com\/es\/ubicacion\/","title":{"rendered":"UBICACI\u00d3N"},"content":{"rendered":"<p>[vc_row full_width=\u00bbstretch_row_content\u00bb][vc_column]\n\t\t\t<!-- START Location REVOLUTION SLIDER 6.4.5 --><p class=\"rs-p-wp-fix\"><\/p>\n\t\t\t<rs-module-wrap id=\"rev_slider_5_1_wrapper\" data-source=\"gallery\" style=\"background:transparent;padding:0;\">\n\t\t\t\t<rs-module id=\"rev_slider_5_1\" style=\"\" data-version=\"6.4.5\">\n\t\t\t\t\t<rs-slides>\n\t\t\t\t\t\t<rs-slide data-key=\"rs-11\" data-title=\"Slide\" data-in=\"o:0;\" data-out=\"a:false;\">\n\t\t\t\t\t\t\t<img src=\"\/\/www.domussuperior.com\/wp-content\/uploads\/2021\/03\/sfondo-5.jpg\" title=\"sfondo-5\" width=\"2560\" height=\"1440\" class=\"rev-slidebg tp-rs-img\" data-no-retina>\n<!---->\t\t\t\t\t\t<\/rs-slide>\n\t\t\t\t\t<\/rs-slides>\n\t\t\t\t<\/rs-module>\n\t\t\t\t<script type=\"text\/javascript\">\n\t\t\t\t\tsetREVStartSize({c: 'rev_slider_5_1',rl:[1240,1024,778,480],el:[900],gw:[1240],gh:[900],type:'standard',justify:'',layout:'fullscreen',offsetContainer:'',offset:'',mh:\"0\"});\n\t\t\t\t\tvar\trevapi5,\n\t\t\t\t\t\ttpj;\n\t\t\t\t\tfunction revinit_revslider51() {\n\t\t\t\t\tjQuery(function() {\n\t\t\t\t\t\ttpj = jQuery;\n\t\t\t\t\t\trevapi5 = tpj(\"#rev_slider_5_1\");\n\t\t\t\t\t\tif(revapi5==undefined || revapi5.revolution == undefined){\n\t\t\t\t\t\t\trevslider_showDoubleJqueryError(\"rev_slider_5_1\");\n\t\t\t\t\t\t}else{\n\t\t\t\t\t\t\trevapi5.revolution({\n\t\t\t\t\t\t\t\tsliderLayout:\"fullscreen\",\n\t\t\t\t\t\t\t\tvisibilityLevels:\"1240,1024,778,480\",\n\t\t\t\t\t\t\t\tgridwidth:1240,\n\t\t\t\t\t\t\t\tgridheight:900,\n\t\t\t\t\t\t\t\tperspective:600,\n\t\t\t\t\t\t\t\tperspectiveType:\"global\",\n\t\t\t\t\t\t\t\teditorheight:\"900,768,960,720\",\n\t\t\t\t\t\t\t\tresponsiveLevels:\"1240,1024,778,480\",\n\t\t\t\t\t\t\t\tprogressBar:{disableProgressBar:true},\n\t\t\t\t\t\t\t\tnavigation: {\n\t\t\t\t\t\t\t\t\tonHoverStop:false\n\t\t\t\t\t\t\t\t},\n\t\t\t\t\t\t\t\tfallbacks: {\n\t\t\t\t\t\t\t\t\tallowHTML5AutoPlayOnAndroid:true\n\t\t\t\t\t\t\t\t},\n\t\t\t\t\t\t\t});\n\t\t\t\t\t\t}\n\t\t\t\t\t\t\n\t\t\t\t\t});\n\t\t\t\t\t} \/\/ End of RevInitScript\n\t\t\t\tvar once_revslider51 = false;\n\t\t\t\tif (document.readyState === \"loading\") {document.addEventListener('readystatechange',function() { if((document.readyState === \"interactive\" || document.readyState === \"complete\") && !once_revslider51 ) { once_revslider51 = true; revinit_revslider51();}});} else {once_revslider51 = true; revinit_revslider51();}\n\t\t\t\t<\/script>\n\t\t\t<\/rs-module-wrap>\n\t\t\t<!-- END REVOLUTION SLIDER -->\n[vc_raw_html]JTNDZGl2JTIwY2xhc3MlM0QlMjJhcnJvdy13cmFwcGVyJTIyJTNFJTNDZGl2JTIwY2xhc3MlM0QlMjJhcnJvdyUyMiUzRSUzQyUyRmRpdiUzRSUzQyUyRmRpdiUzRQ==[\/vc_raw_html][\/vc_column][\/vc_row][vc_row full_width=\u00bbstretch_row_content\u00bb][vc_column][vc_empty_space height=\u00bb100px\u00bb][vc_column_text]<\/p>\n<h1 style=\"text-align: center;\">UBICACI\u00d3N<\/h1>\n<p>[\/vc_column_text][vc_empty_space height=\u00bb50px\u00bb][\/vc_column][\/vc_row][vc_row][vc_column][vc_column_text]<br \/>\n[\/vc_column_text][\/vc_column][\/vc_row][vc_row css=\u00bb.vc_custom_1547553006946{padding-top: 10px !important;padding-bottom: 50px !important;}\u00bb][vc_column][vc_column_text]<\/p>\n<p style=\"text-align: center;\">Domus Superior se encuentra en el barrio de San Marco, detr\u00e1s del Teatro La Fenice y a 5 minutos a pie de la Plaza San Marco.<\/p>\n<p style=\"text-align: center;\">Proporcionamos, previa reserva, un servicio privado de traslado en taxi acu\u00e1tico hasta la puerta del agua de la estructura. Para m\u00e1s informaci\u00f3n, p\u00f3ngase en contacto con nosotros a trav\u00e9s del formulario.<\/p>\n<p style=\"text-align: center;\">Tambi\u00e9n se puede llegar a Domus Superior en transporte p\u00fablico, bajando en la parada de Santa Maria del Giglio.<\/p>\n<p>[\/vc_column_text][\/vc_column][\/vc_row][vc_row full_width=\u00bbstretch_row_content_no_spaces\u00bb][vc_column][vc_gmaps link=\u00bb#E-8_JTNDaWZyYW1lJTIwc3JjJTNEJTIyaHR0cHMlM0ElMkYlMkZ3d3cuZ29vZ2xlLmNvbSUyRm1hcHMlMkZlbWJlZCUzRnBiJTNEJTIxMW0xOCUyMTFtMTIlMjExbTMlMjExZDY2NTkuMDk0MzkwMDc3NDExJTIxMmQxMi4zMzEzMzQ0NDYzMTM5MzklMjEzZDQ1LjQzMzQ0NjE2MzgyNDgwNCUyMTJtMyUyMTFmMCUyMTJmMCUyMTNmMCUyMTNtMiUyMTFpMTAyNCUyMTJpNzY4JTIxNGYxMy4xJTIxM20zJTIxMW0yJTIxMXMweDQ3N2ViMWQxMDFmZjczYjklMjUzQTB4OWIwOWYyYWFkMjcyMzBjOSUyMTJzRG9tdXMlMjUyMFN1cGVyaW9yJTIxNWUwJTIxM20yJTIxMXNpdCUyMTJzaXQlMjE0djE2MTY1MDUxNjAwODklMjE1bTIlMjExc2l0JTIxMnNpdCUyMiUyMHdpZHRoJTNEJTIyNjAwJTIyJTIwaGVpZ2h0JTNEJTIyNDUwJTIyJTIwc3R5bGUlM0QlMjJib3JkZXIlM0EwJTNCJTIyJTIwYWxsb3dmdWxsc2NyZWVuJTNEJTIyJTIyJTIwbG9hZGluZyUzRCUyMmxhenklMjIlM0UlM0MlMkZpZnJhbWUlM0U=\u00bb size=\u00bb800px\u00bb][vc_empty_space height=\u00bb40px\u00bb][\/vc_column][\/vc_row][vc_row css=\u00bb.vc_custom_1547712153347{padding-top: 50px !important;padding-bottom: 50px !important;}\u00bb][vc_column][vc_column_text]<\/p>\n<h2 style=\"text-align: center;\">C\u00f3mo Encontrarnos<\/h2>\n<p style=\"font-weight: 400; text-align: center;\">Tenga en cuenta que las reservas de taxis acu\u00e1ticos realizadas directamente por el establecimiento garantizan la llegada y salida desde nuestra puerta de agua privada. No garantizamos la llegada a la puerta de agua de los taxis acu\u00e1ticos reservados directamente por los clientes con otras compa\u00f1\u00edas.<\/p>\n<p style=\"font-weight: 400; text-align: center;\">P\u00f3ngase en contacto con nosotros por correo electr\u00f3nico para realizar su reserva, estaremos encantados de ayudarle y organizar su traslado. De 22:00 a 07:00, se aplica un suplemento de 10,00 \u20ac sobre el precio total por la tarifa nocturna.<\/p>\n<p>[\/vc_column_text][\/vc_column][\/vc_row][vc_row full_width=\u00bbstretch_row_content\u00bb gap=\u00bb35&#8243; css=\u00bb.vc_custom_1547712291318{padding-bottom: 50px !important;}\u00bb][vc_column width=\u00bb1\/3&#8243; css=\u00bb.vc_custom_1617203516968{padding-top: 35px !important;padding-right: 35px !important;padding-bottom: 35px !important;padding-left: 35px !important;background-color: #111111 !important;}\u00bb][vc_icon icon_fontawesome=\u00bbfa fa-plane\u00bb color=\u00bbblack\u00bb size=\u00bbxl\u00bb align=\u00bbcenter\u00bb][vc_column_text]<\/p>\n<p style=\"text-align: center;\"><strong>AEROPUERTO MARCO POLO<\/strong> &#8211; En las llegadas, siga las indicaciones de \u00abtransporte acu\u00e1tico\u00bb. Tome la l\u00ednea naranja de la compa\u00f1\u00eda de barcos Alilaguna y b\u00e1jese en la parada de S. Maria del Giglio y desde all\u00ed contin\u00fae a pie durante unos 2 minutos.<\/p>\n<p style=\"text-align: center;\"><strong>AEROPUERTO DE CANOVA TREVISO<\/strong> &#8211; A la salida del aeropuerto tome el autob\u00fas de la compa\u00f1\u00eda ATVO con destino a Venecia, llegado a la terminal en Piazzale Roma (estaci\u00f3n de autobus de Venecia) tome la l\u00ednea 1 del barco y baje en S. Maria del Giglio. Contin\u00fae a pie durante unos 2 minutos.<\/p>\n<p>[\/vc_column_text][\/vc_column][vc_column width=\u00bb1\/3&#8243; css=\u00bb.vc_custom_1617203524041{padding-top: 35px !important;padding-right: 35px !important;padding-bottom: 35px !important;padding-left: 35px !important;background-color: #111111 !important;}\u00bb][vc_icon icon_fontawesome=\u00bbfa fa-car\u00bb color=\u00bbblack\u00bb size=\u00bbxl\u00bb align=\u00bbcenter\u00bb][vc_column_text]<\/p>\n<p style=\"text-align: center;\"><strong>COCHE<\/strong><\/p>\n<p style=\"text-align: center;\">Desde la autopista A4, salga en el peaje de Venecia y siga las indicaciones. Una vez que haya cruzado el puente de la Libertad en direcci\u00f3n a Piazzale Roma, siga recto despu\u00e9s del sem\u00e1foro y encontrar\u00e1 los aparcamientos AVM Autorimessa Comunale y Garage San Marco a la derecha.<\/p>\n<p style=\"text-align: center;\">En Piazzale Roma, tome la l\u00ednea 1 del barco y baje en la parada de S. Maria del Giglio. Contin\u00fae a pie durante unos 2 minutos.<\/p>\n<p>[\/vc_column_text][\/vc_column][vc_column width=\u00bb1\/3&#8243; css=\u00bb.vc_custom_1617203529842{padding-top: 35px !important;padding-right: 35px !important;padding-bottom: 35px !important;padding-left: 35px !important;background-color: #111111 !important;}\u00bb][vc_icon icon_fontawesome=\u00bbfa fa-train\u00bb color=\u00bbblack\u00bb size=\u00bbxl\u00bb align=\u00bbcenter\u00bb][vc_column_text]<\/p>\n<p style=\"text-align: center;\"><strong>TREN<\/strong><\/p>\n<p style=\"text-align: center;\">Desde la estaci\u00f3n de tren de Venecia Santa Luc\u00eda, tome la l\u00ednea de barco 1 y baje en la parada de S. Maria del Giglio. Contin\u00fae a pie durante unos 2 minutos.<\/p>\n<p>[\/vc_column_text][\/vc_column][\/vc_row]<\/p>\n","protected":false},"excerpt":{"rendered":"<p>[vc_row full_width=\u00bbstretch_row_content\u00bb][vc_column][vc_raw_html]JTNDZGl2JTIwY2xhc3MlM0QlMjJhcnJvdy13cmFwcGVyJTIyJTNFJTNDZGl2JTIwY2xhc3MlM0QlMjJhcnJvdyUyMiUzRSUzQyUyRmRpdiUzRSUzQyUyRmRpdiUzRQ==[\/vc_raw_html][\/vc_column][\/vc_row][vc_row full_width=\u00bbstretch_row_content\u00bb][vc_column][vc_empty_space height=\u00bb100px\u00bb][vc_column_text] UBICACI\u00d3N [\/vc_column_text][vc_empty_space height=\u00bb50px\u00bb][\/vc_column][\/vc_row][vc_row][vc_column][vc_column_text] [\/vc_column_text][\/vc_column][\/vc_row][vc_row css=\u00bb.vc_custom_1547553006946{padding-top: 10px !important;padding-bottom: 50px !important;}\u00bb][vc_column][vc_column_text] Domus Superior se encuentra en el barrio de San Marco, detr\u00e1s del Teatro La Fenice y a 5 minutos a pie de la Plaza San Marco. Proporcionamos, previa reserva, un servicio privado de traslado en taxi acu\u00e1tico hasta la puerta del agua&hellip;<\/p>\n","protected":false},"author":1,"featured_media":0,"parent":0,"menu_order":0,"comment_status":"closed","ping_status":"closed","template":"","meta":{"_monsterinsights_skip_tracking":false,"_monsterinsights_sitenote_active":false,"_monsterinsights_sitenote_note":"","_monsterinsights_sitenote_category":0},"aioseo_notices":[],"_links":{"self":[{"href":"https:\/\/www.domussuperior.com\/es\/wp-json\/wp\/v2\/pages\/216"}],"collection":[{"href":"https:\/\/www.domussuperior.com\/es\/wp-json\/wp\/v2\/pages"}],"about":[{"href":"https:\/\/www.domussuperior.com\/es\/wp-json\/wp\/v2\/types\/page"}],"author":[{"embeddable":true,"href":"https:\/\/www.domussuperior.com\/es\/wp-json\/wp\/v2\/users\/1"}],"replies":[{"embeddable":true,"href":"https:\/\/www.domussuperior.com\/es\/wp-json\/wp\/v2\/comments?post=216"}],"version-history":[{"count":2,"href":"https:\/\/www.domussuperior.com\/es\/wp-json\/wp\/v2\/pages\/216\/revisions"}],"predecessor-version":[{"id":645,"href":"https:\/\/www.domussuperior.com\/es\/wp-json\/wp\/v2\/pages\/216\/revisions\/645"}],"wp:attachment":[{"href":"https:\/\/www.domussuperior.com\/es\/wp-json\/wp\/v2\/media?parent=216"}],"curies":[{"name":"wp","href":"https:\/\/api.w.org\/{rel}","templated":true}]}}