{"id":211,"date":"2021-04-20T19:55:01","date_gmt":"2021-04-20T17:55:01","guid":{"rendered":"https:\/\/www.domussuperior.com\/?page_id=211"},"modified":"2025-11-28T16:12:46","modified_gmt":"2025-11-28T15:12:46","slug":"localisation","status":"publish","type":"page","link":"https:\/\/www.domussuperior.com\/fr\/localisation\/","title":{"rendered":"Localisation"},"content":{"rendered":"<p>[vc_row full_width=\u00a0\u00bbstretch_row_content\u00a0\u00bb][vc_column]\n\t\t\t<!-- START Location REVOLUTION SLIDER 6.4.5 --><p class=\"rs-p-wp-fix\"><\/p>\n\t\t\t<rs-module-wrap id=\"rev_slider_5_1_wrapper\" data-source=\"gallery\" style=\"background:transparent;padding:0;\">\n\t\t\t\t<rs-module id=\"rev_slider_5_1\" style=\"\" data-version=\"6.4.5\">\n\t\t\t\t\t<rs-slides>\n\t\t\t\t\t\t<rs-slide data-key=\"rs-11\" data-title=\"Slide\" data-in=\"o:0;\" data-out=\"a:false;\">\n\t\t\t\t\t\t\t<img src=\"\/\/www.domussuperior.com\/wp-content\/uploads\/2021\/03\/sfondo-5.jpg\" title=\"sfondo-5\" width=\"2560\" height=\"1440\" class=\"rev-slidebg tp-rs-img\" data-no-retina>\n<!---->\t\t\t\t\t\t<\/rs-slide>\n\t\t\t\t\t<\/rs-slides>\n\t\t\t\t<\/rs-module>\n\t\t\t\t<script type=\"text\/javascript\">\n\t\t\t\t\tsetREVStartSize({c: 'rev_slider_5_1',rl:[1240,1024,778,480],el:[900],gw:[1240],gh:[900],type:'standard',justify:'',layout:'fullscreen',offsetContainer:'',offset:'',mh:\"0\"});\n\t\t\t\t\tvar\trevapi5,\n\t\t\t\t\t\ttpj;\n\t\t\t\t\tfunction revinit_revslider51() {\n\t\t\t\t\tjQuery(function() {\n\t\t\t\t\t\ttpj = jQuery;\n\t\t\t\t\t\trevapi5 = tpj(\"#rev_slider_5_1\");\n\t\t\t\t\t\tif(revapi5==undefined || revapi5.revolution == undefined){\n\t\t\t\t\t\t\trevslider_showDoubleJqueryError(\"rev_slider_5_1\");\n\t\t\t\t\t\t}else{\n\t\t\t\t\t\t\trevapi5.revolution({\n\t\t\t\t\t\t\t\tsliderLayout:\"fullscreen\",\n\t\t\t\t\t\t\t\tvisibilityLevels:\"1240,1024,778,480\",\n\t\t\t\t\t\t\t\tgridwidth:1240,\n\t\t\t\t\t\t\t\tgridheight:900,\n\t\t\t\t\t\t\t\tperspective:600,\n\t\t\t\t\t\t\t\tperspectiveType:\"global\",\n\t\t\t\t\t\t\t\teditorheight:\"900,768,960,720\",\n\t\t\t\t\t\t\t\tresponsiveLevels:\"1240,1024,778,480\",\n\t\t\t\t\t\t\t\tprogressBar:{disableProgressBar:true},\n\t\t\t\t\t\t\t\tnavigation: {\n\t\t\t\t\t\t\t\t\tonHoverStop:false\n\t\t\t\t\t\t\t\t},\n\t\t\t\t\t\t\t\tfallbacks: {\n\t\t\t\t\t\t\t\t\tallowHTML5AutoPlayOnAndroid:true\n\t\t\t\t\t\t\t\t},\n\t\t\t\t\t\t\t});\n\t\t\t\t\t\t}\n\t\t\t\t\t\t\n\t\t\t\t\t});\n\t\t\t\t\t} \/\/ End of RevInitScript\n\t\t\t\tvar once_revslider51 = false;\n\t\t\t\tif (document.readyState === \"loading\") {document.addEventListener('readystatechange',function() { if((document.readyState === \"interactive\" || document.readyState === \"complete\") && !once_revslider51 ) { once_revslider51 = true; revinit_revslider51();}});} else {once_revslider51 = true; revinit_revslider51();}\n\t\t\t\t<\/script>\n\t\t\t<\/rs-module-wrap>\n\t\t\t<!-- END REVOLUTION SLIDER -->\n[vc_raw_html]JTNDZGl2JTIwY2xhc3MlM0QlMjJhcnJvdy13cmFwcGVyJTIyJTNFJTNDZGl2JTIwY2xhc3MlM0QlMjJhcnJvdyUyMiUzRSUzQyUyRmRpdiUzRSUzQyUyRmRpdiUzRQ==[\/vc_raw_html][\/vc_column][\/vc_row][vc_row full_width=\u00a0\u00bbstretch_row_content\u00a0\u00bb][vc_column][vc_empty_space height=\u00a0\u00bb100px\u00a0\u00bb][vc_column_text]<\/p>\n<h1 style=\"text-align: center;\">LOCALISATION<\/h1>\n<p>[\/vc_column_text][vc_empty_space height=\u00a0\u00bb50px\u00a0\u00bb][\/vc_column][\/vc_row][vc_row][vc_column][vc_column_text]<br \/>\n[\/vc_column_text][\/vc_column][\/vc_row][vc_row css=\u00a0\u00bb.vc_custom_1547553006946{padding-top: 10px !important;padding-bottom: 50px !important;}\u00a0\u00bb][vc_column][vc_column_text]<\/p>\n<p style=\"text-align: center;\">La Domus Superior est situ\u00e9e dans le quartier San Marco, derri\u00e8re le th\u00e9\u00e2tre La Fenice et \u00e0 5 minutes \u00e0 pied de la place San Marco.<\/p>\n<p style=\"text-align: center;\">Nous offrons sur r\u00e9servation un service de transfert en bateau-taxi priv\u00e9 jusqu&rsquo;\u00e0 la porte d&rsquo;eau de la structure. Pour plus d&rsquo;informations, veuillez nous contacter via le formulaire pr\u00e9vu \u00e0 cet effet.<\/p>\n<p style=\"text-align: center;\">La Domus Superior est \u00e9galement accessible par les transports publics en descendant \u00e0 l&rsquo;arr\u00eat Santa Maria del Giglio.<\/p>\n<p>[\/vc_column_text][\/vc_column][\/vc_row][vc_row full_width=\u00a0\u00bbstretch_row_content_no_spaces\u00a0\u00bb][vc_column][vc_gmaps link=\u00a0\u00bb#E-8_JTNDaWZyYW1lJTIwc3JjJTNEJTIyaHR0cHMlM0ElMkYlMkZ3d3cuZ29vZ2xlLmNvbSUyRm1hcHMlMkZlbWJlZCUzRnBiJTNEJTIxMW0xOCUyMTFtMTIlMjExbTMlMjExZDY2NTkuMDk0MzkwMDc3NDExJTIxMmQxMi4zMzEzMzQ0NDYzMTM5MzklMjEzZDQ1LjQzMzQ0NjE2MzgyNDgwNCUyMTJtMyUyMTFmMCUyMTJmMCUyMTNmMCUyMTNtMiUyMTFpMTAyNCUyMTJpNzY4JTIxNGYxMy4xJTIxM20zJTIxMW0yJTIxMXMweDQ3N2ViMWQxMDFmZjczYjklMjUzQTB4OWIwOWYyYWFkMjcyMzBjOSUyMTJzRG9tdXMlMjUyMFN1cGVyaW9yJTIxNWUwJTIxM20yJTIxMXNpdCUyMTJzaXQlMjE0djE2MTY1MDUxNjAwODklMjE1bTIlMjExc2l0JTIxMnNpdCUyMiUyMHdpZHRoJTNEJTIyNjAwJTIyJTIwaGVpZ2h0JTNEJTIyNDUwJTIyJTIwc3R5bGUlM0QlMjJib3JkZXIlM0EwJTNCJTIyJTIwYWxsb3dmdWxsc2NyZWVuJTNEJTIyJTIyJTIwbG9hZGluZyUzRCUyMmxhenklMjIlM0UlM0MlMkZpZnJhbWUlM0U=\u00a0\u00bb size=\u00a0\u00bb800px\u00a0\u00bb][vc_empty_space height=\u00a0\u00bb40px\u00a0\u00bb][\/vc_column][\/vc_row][vc_row css=\u00a0\u00bb.vc_custom_1547712153347{padding-top: 50px !important;padding-bottom: 50px !important;}\u00a0\u00bb][vc_column][vc_column_text]<\/p>\n<h2 style=\"text-align: center;\">Comment Nous Joindre<\/h2>\n<p style=\"font-weight: 400; text-align: center;\">Veuillez noter que les r\u00e9servations de bateaux-taxis effectu\u00e9es directement par la structure garantissent l&rsquo;arriv\u00e9e et le d\u00e9part depuis notre porte d&rsquo;eau. Nous ne garantissons pas l&rsquo;arriv\u00e9e \u00e0 la porte d&rsquo;eau des bateaux-taxis r\u00e9serv\u00e9s directement par les clients aupr\u00e8s d&rsquo;autres compagnies.<\/p>\n<p style=\"font-weight: 400; text-align: center;\">Veuillez nous contacter par e-mail pour effectuer votre r\u00e9servation, nous serons heureux de vous aider et d&rsquo;organiser votre transfert. De 22h00 \u00e0 07h00, un suppl\u00e9ment de 10,00 \u20ac sur le prix total est demand\u00e9 pour le tarif de nuit.<\/p>\n<p>[\/vc_column_text][\/vc_column][\/vc_row][vc_row full_width=\u00a0\u00bbstretch_row_content\u00a0\u00bb gap=\u00a0\u00bb35&Prime; css=\u00a0\u00bb.vc_custom_1547712291318{padding-bottom: 50px !important;}\u00a0\u00bb][vc_column width=\u00a0\u00bb1\/3&Prime; css=\u00a0\u00bb.vc_custom_1617203516968{padding-top: 35px !important;padding-right: 35px !important;padding-bottom: 35px !important;padding-left: 35px !important;background-color: #111111 !important;}\u00a0\u00bb][vc_icon icon_fontawesome=\u00a0\u00bbfa fa-plane\u00a0\u00bb color=\u00a0\u00bbblack\u00a0\u00bb size=\u00a0\u00bbxl\u00a0\u00bb align=\u00a0\u00bbcenter\u00a0\u00bb][vc_column_text]<\/p>\n<p style=\"text-align: center;\"><strong>A\u00c9ROPORT DE MARCO POLO<\/strong> &#8211; A l&rsquo;arriv\u00e9e, suivez les panneaux \u00ab\u00a0transport par eau\u00a0\u00bb. prendre la ligne orange de la compagnie de bateaux Alilaguna et descendre \u00e0 l&rsquo;arr\u00eat S. Maria del Giglio et de l\u00e0, continuer \u00e0 pied pendant environ 2 minutes.<\/p>\n<p style=\"text-align: center;\"><strong>AEROPORT DE CANOVA TREVISO<\/strong> &#8211; A la sortie de l&rsquo;a\u00e9roport, prenez le bus de la compagnie ATVO pour Venise. Arriv\u00e9 au terminus de Piazzale Roma (gare routi\u00e8re de Venise), prenez la ligne 1 du bateau et descendez \u00e0 S. Maria del Giglio. Continuez \u00e0 pied pendant deux minutes environ.<\/p>\n<p>[\/vc_column_text][\/vc_column][vc_column width=\u00a0\u00bb1\/3&Prime; css=\u00a0\u00bb.vc_custom_1617203524041{padding-top: 35px !important;padding-right: 35px !important;padding-bottom: 35px !important;padding-left: 35px !important;background-color: #111111 !important;}\u00a0\u00bb][vc_icon icon_fontawesome=\u00a0\u00bbfa fa-car\u00a0\u00bb color=\u00a0\u00bbblack\u00a0\u00bb size=\u00a0\u00bbxl\u00a0\u00bb align=\u00a0\u00bbcenter\u00a0\u00bb][vc_column_text]<\/p>\n<p style=\"text-align: center;\"><strong>CAR<\/strong><\/p>\n<p style=\"text-align: center;\">Depuis l&rsquo;autoroute A4, sortez au p\u00e9age de Venise et suivez les indications. Une fois que vous avez travers\u00e9 le pont Ponte della Libert\u00e0 en direction de Piazzale Roma, continuez tout droit apr\u00e8s le feu et vous trouverez les parkings AVM Autorimessa Comunale et Garage San Marco sur la droite.<\/p>\n<p style=\"text-align: center;\">Sur la Piazzale Roma, prenez la ligne 1 du bateau et descendez \u00e0 l&rsquo;arr\u00eat S. Maria del Giglio. Continuez \u00e0 pied pendant environ 2 minutes.<\/p>\n<p>[\/vc_column_text][\/vc_column][vc_column width=\u00a0\u00bb1\/3&Prime; css=\u00a0\u00bb.vc_custom_1617203529842{padding-top: 35px !important;padding-right: 35px !important;padding-bottom: 35px !important;padding-left: 35px !important;background-color: #111111 !important;}\u00a0\u00bb][vc_icon icon_fontawesome=\u00a0\u00bbfa fa-train\u00a0\u00bb color=\u00a0\u00bbblack\u00a0\u00bb size=\u00a0\u00bbxl\u00a0\u00bb align=\u00a0\u00bbcenter\u00a0\u00bb][vc_column_text]<\/p>\n<p style=\"text-align: center;\"><strong>TRAIN<\/strong><\/p>\n<p style=\"text-align: center;\">Depuis la gare de Venise Santa Lucia, prenez le bateau ligne 1 et descendez \u00e0 l&rsquo;arr\u00eat S. Maria del Giglio. Continuez \u00e0 pied pendant environ 2 minutes.<\/p>\n<p>[\/vc_column_text][\/vc_column][\/vc_row]<\/p>\n","protected":false},"excerpt":{"rendered":"<p>[vc_row full_width=\u00a0\u00bbstretch_row_content\u00a0\u00bb][vc_column][vc_raw_html]JTNDZGl2JTIwY2xhc3MlM0QlMjJhcnJvdy13cmFwcGVyJTIyJTNFJTNDZGl2JTIwY2xhc3MlM0QlMjJhcnJvdyUyMiUzRSUzQyUyRmRpdiUzRSUzQyUyRmRpdiUzRQ==[\/vc_raw_html][\/vc_column][\/vc_row][vc_row full_width=\u00a0\u00bbstretch_row_content\u00a0\u00bb][vc_column][vc_empty_space height=\u00a0\u00bb100px\u00a0\u00bb][vc_column_text] LOCALISATION [\/vc_column_text][vc_empty_space height=\u00a0\u00bb50px\u00a0\u00bb][\/vc_column][\/vc_row][vc_row][vc_column][vc_column_text] [\/vc_column_text][\/vc_column][\/vc_row][vc_row css=\u00a0\u00bb.vc_custom_1547553006946{padding-top: 10px !important;padding-bottom: 50px !important;}\u00a0\u00bb][vc_column][vc_column_text] La Domus Superior est situ\u00e9e dans le quartier San Marco, derri\u00e8re le th\u00e9\u00e2tre La Fenice et \u00e0 5 minutes \u00e0 pied de la place San Marco. Nous offrons sur r\u00e9servation un service de transfert en bateau-taxi priv\u00e9 jusqu&rsquo;\u00e0 la porte d&rsquo;eau de&hellip;<\/p>\n","protected":false},"author":1,"featured_media":0,"parent":0,"menu_order":0,"comment_status":"closed","ping_status":"closed","template":"","meta":{"_monsterinsights_skip_tracking":false,"_monsterinsights_sitenote_active":false,"_monsterinsights_sitenote_note":"","_monsterinsights_sitenote_category":0},"aioseo_notices":[],"_links":{"self":[{"href":"https:\/\/www.domussuperior.com\/fr\/wp-json\/wp\/v2\/pages\/211"}],"collection":[{"href":"https:\/\/www.domussuperior.com\/fr\/wp-json\/wp\/v2\/pages"}],"about":[{"href":"https:\/\/www.domussuperior.com\/fr\/wp-json\/wp\/v2\/types\/page"}],"author":[{"embeddable":true,"href":"https:\/\/www.domussuperior.com\/fr\/wp-json\/wp\/v2\/users\/1"}],"replies":[{"embeddable":true,"href":"https:\/\/www.domussuperior.com\/fr\/wp-json\/wp\/v2\/comments?post=211"}],"version-history":[{"count":4,"href":"https:\/\/www.domussuperior.com\/fr\/wp-json\/wp\/v2\/pages\/211\/revisions"}],"predecessor-version":[{"id":644,"href":"https:\/\/www.domussuperior.com\/fr\/wp-json\/wp\/v2\/pages\/211\/revisions\/644"}],"wp:attachment":[{"href":"https:\/\/www.domussuperior.com\/fr\/wp-json\/wp\/v2\/media?parent=211"}],"curies":[{"name":"wp","href":"https:\/\/api.w.org\/{rel}","templated":true}]}}