{"id":218,"date":"2021-04-20T20:01:28","date_gmt":"2021-04-20T18:01:28","guid":{"rendered":"https:\/\/www.domussuperior.com\/?page_id=218"},"modified":"2021-04-20T20:01:28","modified_gmt":"2021-04-20T18:01:28","slug":"pres-de","status":"publish","type":"page","link":"https:\/\/www.domussuperior.com\/fr\/pres-de\/","title":{"rendered":"Pr\u00e8s de"},"content":{"rendered":"<p>[vc_row full_width=\u00a0\u00bbstretch_row_content\u00a0\u00bb][vc_column]\n\t\t\t<!-- START Vicinanze REVOLUTION SLIDER 6.4.5 --><p class=\"rs-p-wp-fix\"><\/p>\n\t\t\t<rs-module-wrap id=\"rev_slider_3_1_wrapper\" data-source=\"gallery\" style=\"background:transparent;padding:0;\">\n\t\t\t\t<rs-module id=\"rev_slider_3_1\" style=\"\" data-version=\"6.4.5\">\n\t\t\t\t\t<rs-slides>\n\t\t\t\t\t\t<rs-slide data-key=\"rs-9\" data-title=\"Slide\" data-in=\"o:0;\" data-out=\"a:false;\">\n\t\t\t\t\t\t\t<img src=\"\/\/www.domussuperior.com\/wp-content\/uploads\/2021\/04\/venice_517522957.jpg\" title=\"Old,Cathedral,Of,Santa,Maria,Della,Salute,In,Venice,,Italy\" width=\"2560\" height=\"1440\" class=\"rev-slidebg tp-rs-img\" data-no-retina>\n<!---->\t\t\t\t\t\t<\/rs-slide>\n\t\t\t\t\t<\/rs-slides>\n\t\t\t\t<\/rs-module>\n\t\t\t\t<script type=\"text\/javascript\">\n\t\t\t\t\tsetREVStartSize({c: 'rev_slider_3_1',rl:[1240,1024,778,480],el:[900],gw:[1240],gh:[900],type:'standard',justify:'',layout:'fullscreen',offsetContainer:'',offset:'',mh:\"0\"});\n\t\t\t\t\tvar\trevapi3,\n\t\t\t\t\t\ttpj;\n\t\t\t\t\tfunction revinit_revslider31() {\n\t\t\t\t\tjQuery(function() {\n\t\t\t\t\t\ttpj = jQuery;\n\t\t\t\t\t\trevapi3 = tpj(\"#rev_slider_3_1\");\n\t\t\t\t\t\tif(revapi3==undefined || revapi3.revolution == undefined){\n\t\t\t\t\t\t\trevslider_showDoubleJqueryError(\"rev_slider_3_1\");\n\t\t\t\t\t\t}else{\n\t\t\t\t\t\t\trevapi3.revolution({\n\t\t\t\t\t\t\t\tsliderLayout:\"fullscreen\",\n\t\t\t\t\t\t\t\tvisibilityLevels:\"1240,1024,778,480\",\n\t\t\t\t\t\t\t\tgridwidth:1240,\n\t\t\t\t\t\t\t\tgridheight:900,\n\t\t\t\t\t\t\t\tperspective:600,\n\t\t\t\t\t\t\t\tperspectiveType:\"global\",\n\t\t\t\t\t\t\t\teditorheight:\"900,768,960,720\",\n\t\t\t\t\t\t\t\tresponsiveLevels:\"1240,1024,778,480\",\n\t\t\t\t\t\t\t\tprogressBar:{disableProgressBar:true},\n\t\t\t\t\t\t\t\tnavigation: {\n\t\t\t\t\t\t\t\t\tonHoverStop:false\n\t\t\t\t\t\t\t\t},\n\t\t\t\t\t\t\t\tfallbacks: {\n\t\t\t\t\t\t\t\t\tallowHTML5AutoPlayOnAndroid:true\n\t\t\t\t\t\t\t\t},\n\t\t\t\t\t\t\t});\n\t\t\t\t\t\t}\n\t\t\t\t\t\t\n\t\t\t\t\t});\n\t\t\t\t\t} \/\/ End of RevInitScript\n\t\t\t\tvar once_revslider31 = false;\n\t\t\t\tif (document.readyState === \"loading\") {document.addEventListener('readystatechange',function() { if((document.readyState === \"interactive\" || document.readyState === \"complete\") && !once_revslider31 ) { once_revslider31 = true; revinit_revslider31();}});} else {once_revslider31 = true; revinit_revslider31();}\n\t\t\t\t<\/script>\n\t\t\t<\/rs-module-wrap>\n\t\t\t<!-- END REVOLUTION SLIDER -->\n[vc_raw_html]JTNDZGl2JTIwY2xhc3MlM0QlMjJhcnJvdy13cmFwcGVyJTIyJTNFJTNDZGl2JTIwY2xhc3MlM0QlMjJhcnJvdyUyMiUzRSUzQyUyRmRpdiUzRSUzQyUyRmRpdiUzRQ==[\/vc_raw_html][\/vc_column][\/vc_row][vc_row full_width=\u00a0\u00bbstretch_row_content\u00a0\u00bb][vc_column][vc_empty_space height=\u00a0\u00bb100px\u00a0\u00bb][vc_column_text]<\/p>\n<h1 style=\"text-align: center;\">PR\u00c8S DE<\/h1>\n<p>[\/vc_column_text][vc_empty_space height=\u00a0\u00bb50px\u00a0\u00bb][\/vc_column][\/vc_row][vc_row css=\u00a0\u00bb.vc_custom_1599480130175{padding-top: 50px !important;padding-bottom: 50px !important;}\u00a0\u00bb][vc_column][vc_column_text]<\/p>\n<p style=\"text-align: center;\">Venise est un lieu exceptionnel, riche en culture et en traditions, avec des milliers d&rsquo;ann\u00e9es d&rsquo;histoire derri\u00e8re lui. R\u00e9put\u00e9e dans le monde entier, Venise offre un s\u00e9jour riche en connaissances, en architecture et en histoire, associ\u00e9 \u00e0 une cuisine typique o\u00f9 les produits locaux sont les ma\u00eetres.<\/p>\n<p style=\"text-align: center;\">Situ\u00e9e dans l&rsquo;ancien sestiere de Saint-Marc, la Domus Superior se trouve \u00e0 proximit\u00e9 des destinations les plus pris\u00e9es de Venise, dans le centre historique de la ville.<\/p>\n<p style=\"text-align: center;\">\u00c0 quelques pas de la Domus Superior, vous trouverez la rue commerciale Calle XXII Marzo qui vous m\u00e8nera directement \u00e0 la c\u00e9l\u00e8bre Piazza San Marco, o\u00f9 vous pourrez prendre un ap\u00e9ritif accompagn\u00e9 par le piano et les cordes de l&rsquo;orchestre du Gran Caff\u00e8 Quadri ou admirer la vue spectaculaire de la ville depuis le Campanile.<\/p>\n<p style=\"text-align: center;\">Si vous voulez ravir votre palais, vous pouvez vous diriger vers le pont du Rialto, o\u00f9 vous pourrez d\u00e9guster les c\u00e9l\u00e8bres \u00ab\u00a0cicchetti\u00a0\u00bb dans les tavernes v\u00e9nitiennes typiques, confortablement assis avec vue sur le Grand Canal.<\/p>\n<p style=\"text-align: center;\">Sur r\u00e9servation, nous proposons \u00e9galement un service de transfert et des visites priv\u00e9es du Grand Canal et des \u00eeles de la Lagune.<\/p>\n<p style=\"text-align: center;\">Nous serons heureux de vous aider de la meilleure fa\u00e7on possible afin que vous puissiez profiter de chaque instant de votre s\u00e9jour.<\/p>\n<p>[\/vc_column_text][\/vc_column][\/vc_row][vc_row full_width=\u00a0\u00bbstretch_row_content\u00a0\u00bb][vc_column]\r\n\t\t\t\t<style type='text\/css'>\r\n\t\t\t\t\t#gallery-1 {\r\n\t\t\t\t\tmargin: auto;\r\n\t\t\t\t\t}\r\n\t\t\t\t\t#gallery-1 .fg-gallery-item {\r\n\t\t\t\t\tfloat: left;\r\n\t\t\t\t\tmargin-top: 10px;\r\n\t\t\t\t\ttext-align: center;\r\n\t\t\t\t\twidth: 33%;\r\n\t\t\t\t\t}\r\n\t\t\t\t\t#gallery-1 .fg-gallery-caption {\r\n\t\t\t\t\tmargin-left: 0;\r\n\t\t\t\t\t}\r\n\t\t\t\t\t#gallery-1.fastgallery .fg-gallery-caption, \r\n\t\t\t\t\t#gallery-1.fastgallery .fg-gallery-caption:hover {\r\n\t\t\t\t\t\tbackground-color:rgba( 252 , 97 , 93 , 1);\r\n\t\t\t\t\t}\r\n\t\t\t\t\t#gallery-1.fastgallery.gallery .fastgallery-gallery-icon .fg_zoom a, \r\n\t\t\t\t\t#gallery-1.fastgallery.gallery .fastgallery-gallery-icon .fg_zoom a:hover {\r\n\t\t\t\t\t\tcolor:#fc615d;\r\n\t\t\t\t\t}\r\n\t\t\t\t\t#gallery-1.fastgallery.fg_style1 .fg-gallery-caption {\r\n\t\t\t\t\t\tcolor:#ffffff;\t\r\n\t\t\t\t\t}\r\n\t\t\t\t\t#gallery-1.fastgallery.gallery.fg_style2 .fastgallery-gallery-icon .fg_zoom a {\r\n\t\t\t\t\t\tbackground:rgba( 255 , 255 , 255 , 0.3);\r\n\t\t\t\t\t}\r\n\t\t\t\t\t#gallery-1.fastgallery.fg_style2 .fg-gallery-caption {\r\n\t\t\t\t\t\tcolor:#ffffff;\t\r\n\t\t\t\t\t}\t\t\t\r\n\t\t\t\t\t#gallery-1.fastgallery.gallery.fg_style3 .fg_zoom, #gallery-1.fastgallery.gallery.fg_style3 .fg_zoom:hover {\r\n\t\t\t\t\t\tbackground:rgba( 252 , 97 , 93 , 1);\r\n\t\t\t\t\t}\r\n\t\t\t\t\t#gallery-1.fastgallery.fg_style3 .fg-gallery-caption {\r\n\t\t\t\t\t\tcolor:#ffffff;\t\r\n\t\t\t\t\t}\t\t\t\t\r\n\t\t\t\t\t#gallery-1.fastgallery.fg_style4 .fg-gallery-caption,\t\t\t\r\n\t\t\t\t\t#gallery-1.fastgallery.gallery.fg_style4 .fastgallery-gallery-icon .fg_zoom a, \r\n\t\t\t\t\t#gallery-1.fastgallery.gallery.fg_style4 .fastgallery-gallery-icon .fg_zoom a:hover {\r\n\t\t\t\t\t\tcolor:#ffffff;\r\n\t\t\t\t\t}\r\n\t\t\t\t\t#gallery-1.fastgallery.gallery.fg_style4 .fastgallery-gallery-icon .fg_zoom a, \r\n\t\t\t\t\t#gallery-1.fastgallery.gallery.fg_style4 .fastgallery-gallery-icon .fg_zoom a:hover\t{\r\n\t\t\t\t\t\tbackground:rgba( 252 , 97 , 93 , 1);\r\n\t\t\t\t\t}\t\t\t\r\n\t\t\t\t\t#gallery-1.fastgallery.gallery.fg_style5 .fastgallery-gallery-icon .fg_zoom a, \r\n\t\t\t\t\t#gallery-1.fastgallery.gallery.fg_style5 .fastgallery-gallery-icon .fg_zoom a:hover\t{\r\n\t\t\t\t\t\tcolor:#ffffff;\r\n\t\t\t\t\t\tbackground-color:rgba( 252 , 97 , 93 , 1);\r\n\t\t\t\t\t}\t\t\t\t\t\r\n\t\t\t\t\t#gallery-1.fastgallery.gallery.fg_style6 .fastgallery-gallery-icon .fg_zoom a,\r\n\t\t\t\t\t#gallery-1.fastgallery.gallery.fg_style6 .fastgallery-gallery-icon .fg_zoom a:hover {\r\n\t\t\t\t\t\tcolor:#ffffff;\r\n\t\t\t\t\t\tbackground:rgba( 252 , 97 , 93 , 1);\t\t\t\t\r\n\t\t\t\t\t}\r\n\t\t\t\t\r\n\t\t\t\t\t#gallery-1.fastgallery.fg_style6 .fg-gallery-caption {\r\n\t\t\t\t\t\tcolor:#ffffff;\t\r\n\t\t\t\t\t}\r\n\t\t\t\t\t#gallery-1.fastgallery.gallery.fg_style7 .fastgallery-gallery-icon .fg_zoom a,\r\n\t\t\t\t\t#gallery-1.fastgallery.gallery.fg_style7 .fastgallery-gallery-icon .fg_zoom a:hover {\r\n\t\t\t\t\t\tcolor:#ffffff;\r\n\t\t\t\t\t\tbackground:rgba( 252 , 97 , 93 , 1);\t\t\t\t\r\n\t\t\t\t\t}\t\t\r\n\t\t\t\t\t#gallery-1.fastgallery.fg_style7 .fg-gallery-caption {\r\n\t\t\t\t\t\tcolor:#ffffff;\t\r\n\t\t\t\t\t}\r\n\t\t\t\t\t\r\n\t\t\t\t\t#gallery-1.fastgallery.gallery.fg_style8 .fastgallery-gallery-icon .fg_zoom a,\r\n\t\t\t\t\t#gallery-1.fastgallery.gallery.fg_style8 .fastgallery-gallery-icon .fg_zoom a:hover {\r\n\t\t\t\t\t\tcolor:#ffffff;\r\n\t\t\t\t\t\tbackground:rgba( 252 , 97 , 93 , 1);\t\t\t\t\r\n\t\t\t\t\t}\r\n\t\t\t\t\r\n\t\t\t\t\t#gallery-1.fastgallery.fg_style8 .fg-gallery-caption {\r\n\t\t\t\t\t\tcolor:#ffffff;\t\r\n\t\t\t\t\t}\r\n\t\t\t\t\t\r\n\t\t\t\t\t#gallery-1.fastgallery.gallery.fg_style9 .fastgallery-gallery-icon .fg_zoom a,\r\n\t\t\t\t\t#gallery-1.fastgallery.gallery.fg_style9 .fastgallery-gallery-icon .fg_zoom a:hover {\r\n\t\t\t\t\t\tcolor:#ffffff;\r\n\t\t\t\t\t\tbackground:rgba( 252 , 97 , 93 , 1);\t\t\t\t\r\n\t\t\t\t\t}\t\t\r\n\t\t\t\t\t#gallery-1.fastgallery.fg_style9 .fg-gallery-caption {\r\n\t\t\t\t\t\tcolor:#ffffff;\t\r\n\t\t\t\t\t}\r\n\t\t\t\t\t\r\n\t\t\t\t\t#gallery-1.fastgallery.gallery.fg_style10 .fastgallery-gallery-icon .fg_zoom a,\r\n\t\t\t\t\t#gallery-1.fastgallery.gallery.fg_style10 .fastgallery-gallery-icon .fg_zoom a:hover {\r\n\t\t\t\t\t\tcolor:#ffffff;\r\n\t\t\t\t\t\tbackground:rgba( 252 , 97 , 93 , 1);\t\t\t\t\r\n\t\t\t\t\t}\t\t\r\n\t\t\t\t\t#gallery-1.fastgallery.fg_style10 .fg-gallery-caption {\r\n\t\t\t\t\t\tcolor:#ffffff;\t\r\n\t\t\t\t\t}\r\n\t\t\t\t\t#gallery-1.fastgallery.fg_style11 .fg-gallery-caption {\r\n\t\t\t\t\t\tcolor:#ffffff;\t\r\n\t\t\t\t\t}\r\n\t\t\t\t\t#gallery-1.fastgallery.fg_style11 .fastgallery-gallery-icon .fg_zoom a, \r\n\t\t\t\t\t#gallery-1.fastgallery.fg_style11 .fastgallery-gallery-icon .fg_zoom a:hover {\r\n\t\t\t\t\t\tcolor:#fc615d;\r\n\t\t\t\t\t\tbackground:rgba( 255 , 255 , 255 , 0.3);\r\n\t\t\t\t\t}\r\n\t\t\t\t\t#gallery-1.fastgallery.fg_style12 .fg-gallery-caption {\r\n\t\t\t\t\t\tcolor:#ffffff;\t\r\n\t\t\t\t\t}\r\n\t\t\t\t\t#gallery-1.fastgallery.fg_style12 .fastgallery-gallery-icon .fg_zoom a, \r\n\t\t\t\t\t#gallery-1.fastgallery.fg_style12 .fastgallery-gallery-icon .fg_zoom a:hover {\r\n\t\t\t\t\t\tcolor:#fc615d;\r\n\t\t\t\t\t\tbackground:rgba( 255 , 255 , 255 , 0.3);\r\n\t\t\t\t\t}\t\t\t\t\t\t\t\t\t\t\t\t\t\t\t\t\r\n\t\t\t\t\t\/* FOTORAMA *\/\r\n\t\t\t\t\t#gallery-1.fastgallery.fotorama.fg_style1 .fotorama__thumb-border {\r\n\t\t\t\t\t\tborder-color:rgba( 252 , 97 , 93 , 1);\r\n\t\t\t\t\t}\r\n\t\t\t\t\t#gallery-1.fastgallery.fotorama.fg_style1 .fotorama__html > div {\r\n\t\t\t\t\t\tbackground:rgba( 252 , 97 , 93 , 1);\r\n\t\t\t\t\t\tcolor:#ffffff;\r\n\t\t\t\t\t}\r\n\t\t\t\t\t#gallery-1.fastgallery.fotorama.fg_style2 .fotorama__thumb-border {\r\n\t\t\t\t\t\tborder-color:rgba( 252 , 97 , 93 , 1);\r\n\t\t\t\t\t}\r\n\t\t\t\t\t#gallery-1.fastgallery.fotorama.fg_style2 .fotorama__html > div {\r\n\t\t\t\t\t\tbackground:rgba( 252 , 97 , 93 , 1);\r\n\t\t\t\t\t\tcolor:#ffffff;\r\n\t\t\t\t\t}\r\n\t\t\t\t\t#gallery-1.fastgallery.fotorama.fg_style3 .fotorama__thumb-border {\r\n\t\t\t\t\t\tborder-color:rgba( 252 , 97 , 93 , 1);\r\n\t\t\t\t\t}\t\t\t\t\t\t\r\n\t\t\t\t\t#gallery-1.fastgallery.fotorama.fg_style3 .fotorama__html > div {\r\n\t\t\t\t\t\tcolor:#ffffff;\r\n\t\t\t\t\t}\r\n\t\t\t\t\t#gallery-1.fastgallery.fotorama.fg_style4 .fotorama__thumb-border {\r\n\t\t\t\t\t\tborder-color:rgba( 252 , 97 , 93 , 1);\r\n\t\t\t\t\t}\t\t\t\t\t\t\r\n\t\t\t\t\t#gallery-1.fastgallery.fotorama.fg_style4 .fotorama__html > div {\r\n\t\t\t\t\t\tcolor:#ffffff;\r\n\t\t\t\t\t}\r\n\t\t\t\t\t#gallery-1.fastgallery.fotorama.fg_style5 .fotorama__thumb-border {\r\n\t\t\t\t\t\tborder-color:rgba( 252 , 97 , 93 , 1);\r\n\t\t\t\t\t\tbackground:rgba( 252 , 97 , 93 , 1);\r\n\t\t\t\t\t}\t\t\t\t\t\t\r\n\t\t\t\t\t#gallery-1.fastgallery.fotorama.fg_style5 .fotorama__html > div {\r\n\t\t\t\t\t\tcolor:#ffffff;\r\n\t\t\t\t\t}\r\n\t\t\t\t\t#gallery-1.fastgallery.fotorama.fg_style6 .fotorama__thumb-border {\r\n\t\t\t\t\t\tborder-color:rgba( 252 , 97 , 93 , 1);\r\n\t\t\t\t\t\tbackground:rgba( 252 , 97 , 93 , 1);\r\n\t\t\t\t\t}\t\t\t\t\t\t\r\n\t\t\t\t\t#gallery-1.fastgallery.fotorama.fg_style6 .fotorama__html > div {\r\n\t\t\t\t\t\tcolor:#ffffff;\r\n\t\t\t\t\t}\r\n\t\t\t\t\t#gallery-1.fastgallery.fotorama.fg_style7 .fotorama__thumb-border {\r\n\t\t\t\t\t\tborder-color:rgba( 252 , 97 , 93 , 1);\r\n\t\t\t\t\t\tbackground:rgba( 252 , 97 , 93 , 1);\r\n\t\t\t\t\t}\t\t\t\t\t\t\r\n\t\t\t\t\t#gallery-1.fastgallery.fotorama.fg_style7 .fotorama__html > div {\r\n\t\t\t\t\t\tcolor:#ffffff;\r\n\t\t\t\t\t\tbackground:rgba( 252 , 97 , 93 , 1);\r\n\t\t\t\t\t}\r\n\t\t\t\t\t#gallery-1.fastgallery.fotorama.fg_style8 .fotorama__thumb-border {\r\n\t\t\t\t\t\tborder-color:rgba( 252 , 97 , 93 , 1);\r\n\t\t\t\t\t\tbackground:rgba( 252 , 97 , 93 , 1);\r\n\t\t\t\t\t}\t\t\t\t\t\t\r\n\t\t\t\t\t#gallery-1.fastgallery.fotorama.fg_style8 .fotorama__html > div {\r\n\t\t\t\t\t\tcolor:#ffffff;\r\n\t\t\t\t\t\tbackground:rgba( 252 , 97 , 93 , 1);\r\n\t\t\t\t\t}\r\n\t\t\t\t\t#gallery-1.fastgallery.fotorama.fg_style9 .fotorama__thumb-border {\r\n\t\t\t\t\t\tborder-color:rgba( 252 , 97 , 93 , 1);\r\n\t\t\t\t\t\tbackground:rgba( 252 , 97 , 93 , 1);\r\n\t\t\t\t\t}\t\t\t\t\t\t\r\n\t\t\t\t\t#gallery-1.fastgallery.fotorama.fg_style9 .fotorama__html > div {\r\n\t\t\t\t\t\tcolor:#ffffff;\r\n\t\t\t\t\t\tbackground:rgba( 252 , 97 , 93 , 1);\r\n\t\t\t\t\t}\r\n\t\t\t\t\t#gallery-1.fastgallery.fotorama.fg_style10 .fotorama__thumb-border {\r\n\t\t\t\t\t\tborder-color:rgba( 252 , 97 , 93 , 1);\r\n\t\t\t\t\t\tbackground:rgba( 252 , 97 , 93 , 1);\r\n\t\t\t\t\t}\t\t\t\t\t\t\r\n\t\t\t\t\t#gallery-1.fastgallery.fotorama.fg_style10 .fotorama__html > div {\r\n\t\t\t\t\t\tcolor:#ffffff;\r\n\t\t\t\t\t\tbackground:rgba( 252 , 97 , 93 , 1);\r\n\t\t\t\t\t}\r\n\t\t\t\t\t#gallery-1.fastgallery.fotorama.fg_style11 .fotorama__thumb-border {\r\n\t\t\t\t\t\tborder-color:rgba( 252 , 97 , 93 , 1);\r\n\t\t\t\t\t}\r\n\t\t\t\t\t#gallery-1.fastgallery.fotorama.fg_style11 .fotorama__html > div {\r\n\t\t\t\t\t\tbackground:rgba( 252 , 97 , 93 , 1);\r\n\t\t\t\t\t\tcolor:#ffffff;\r\n\t\t\t\t\t}\r\n\t\t\t\t\t#gallery-1.fastgallery.fotorama.fg_style12 .fotorama__thumb-border {\r\n\t\t\t\t\t\tborder-color:rgba( 252 , 97 , 93 , 1);\r\n\t\t\t\t\t}\r\n\t\t\t\t\t#gallery-1.fastgallery.fotorama.fg_style12 .fotorama__html > div {\r\n\t\t\t\t\t\tbackground:rgba( 252 , 97 , 93 , 1);\r\n\t\t\t\t\t\tcolor:#ffffff;\r\n\t\t\t\t\t}\t\t\t\t\t\t\t\t\t\t\r\n\t\t\t\t\t\/* THUMBS ONE ON *\/\r\n\t\t\t\t\t#gallery-1.fastgallery.fg_thumbs_one .fg-gallery-item {\r\n\t\t\t\t\t\tdisplay:none;\r\n\t\t\t\t\t}\r\n\t\t\t\t\t#gallery-1.fastgallery.fg_thumbs_one .fg-gallery-item:first-child {\r\n\t\t\t\t\t\tdisplay:block;\r\n\t\t\t\t\t}\r\n\t\t\t\t\t#gallery-1.fastgallery.fg_thumbs_one {\r\n\t\t\t\t\t\twidth:auto!important;\r\n\t\t\t\t\t}\r\n\t\t\t\t<\/style><script type=\"text\/javascript\">\t\t\r\n\t\t\t\t\tjQuery(function($){\r\n\t\t\t\t\t\tjQuery(document).ready(function($){\r\n\t\t\t\t\t\t\t\t$(\"#gallery-1 a[data-rel-fg^='prettyPhoto']\").prettyPhoto({\r\n\t\t\t\t\t\t\t\t\tanimation_speed: 'fast',\r\n\t\t\t\t\t\t\t\t\tslideshow: 2000,\r\n\t\t\t\t\t\t\t\t\tautoplay_slideshow: true,\r\n\t\t\t\t\t\t\t\t\tshow_title: true,});\r\n\t\t\t\t\t\t}); \r\n\t\t\t\t\t});\r\n\t\t\t\t\t<\/script><div id='gallery-1' class='gallery galleryid-1 gallery-columns-3 gallery-size-fg-normal fastgallery brick-masonry fg_responsive fg_style1 off  fg_over_image_on'><div class='fg-gallery-item  '>\r\n\t\t\t\t\t<div class='fastgallery-gallery-icon no-caption'><div class='fg_zoom'><img width=\"1024\" height=\"576\" src=\"https:\/\/www.domussuperior.com\/wp-content\/uploads\/2021\/04\/venice_3118803-1024x576.jpg\" class=\"attachment-large size-large\" alt=\"\" decoding=\"async\" loading=\"lazy\" srcset=\"https:\/\/www.domussuperior.com\/wp-content\/uploads\/2021\/04\/venice_3118803-1024x576.jpg 1024w, https:\/\/www.domussuperior.com\/wp-content\/uploads\/2021\/04\/venice_3118803-300x169.jpg 300w, https:\/\/www.domussuperior.com\/wp-content\/uploads\/2021\/04\/venice_3118803-768x432.jpg 768w, https:\/\/www.domussuperior.com\/wp-content\/uploads\/2021\/04\/venice_3118803-1536x864.jpg 1536w, https:\/\/www.domussuperior.com\/wp-content\/uploads\/2021\/04\/venice_3118803-2048x1152.jpg 2048w, https:\/\/www.domussuperior.com\/wp-content\/uploads\/2021\/04\/venice_3118803-500x281.jpg 500w\" sizes=\"(max-width: 1024px) 100vw, 1024px\" \/><a href='https:\/\/www.domussuperior.com\/wp-content\/uploads\/2021\/04\/venice_3118803.jpg' title=\"\" data-rel-fg='prettyPhoto[album-1]' class='fg_magnificPopup'><span class='fg-zoom-icon icon-plus'><\/span><span style='display:none'><img width=\"1024\" height=\"576\" src=\"https:\/\/www.domussuperior.com\/wp-content\/uploads\/2021\/04\/venice_3118803-1024x576.jpg\" class=\"attachment-large size-large\" alt=\"\" decoding=\"async\" loading=\"lazy\" srcset=\"https:\/\/www.domussuperior.com\/wp-content\/uploads\/2021\/04\/venice_3118803-1024x576.jpg 1024w, https:\/\/www.domussuperior.com\/wp-content\/uploads\/2021\/04\/venice_3118803-300x169.jpg 300w, https:\/\/www.domussuperior.com\/wp-content\/uploads\/2021\/04\/venice_3118803-768x432.jpg 768w, https:\/\/www.domussuperior.com\/wp-content\/uploads\/2021\/04\/venice_3118803-1536x864.jpg 1536w, https:\/\/www.domussuperior.com\/wp-content\/uploads\/2021\/04\/venice_3118803-2048x1152.jpg 2048w, https:\/\/www.domussuperior.com\/wp-content\/uploads\/2021\/04\/venice_3118803-500x281.jpg 500w\" sizes=\"(max-width: 1024px) 100vw, 1024px\" \/><\/span><\/a><\/div><\/div><\/div><div class='fg-gallery-item  '>\r\n\t\t\t\t\t<div class='fastgallery-gallery-icon no-caption'><div class='fg_zoom'><img width=\"1024\" height=\"576\" src=\"https:\/\/www.domussuperior.com\/wp-content\/uploads\/2021\/04\/venice_1444469828-1024x576.jpg\" class=\"attachment-large size-large\" alt=\"\" decoding=\"async\" loading=\"lazy\" srcset=\"https:\/\/www.domussuperior.com\/wp-content\/uploads\/2021\/04\/venice_1444469828-1024x576.jpg 1024w, https:\/\/www.domussuperior.com\/wp-content\/uploads\/2021\/04\/venice_1444469828-300x169.jpg 300w, https:\/\/www.domussuperior.com\/wp-content\/uploads\/2021\/04\/venice_1444469828-768x432.jpg 768w, https:\/\/www.domussuperior.com\/wp-content\/uploads\/2021\/04\/venice_1444469828-1536x864.jpg 1536w, https:\/\/www.domussuperior.com\/wp-content\/uploads\/2021\/04\/venice_1444469828-2048x1152.jpg 2048w, https:\/\/www.domussuperior.com\/wp-content\/uploads\/2021\/04\/venice_1444469828-500x281.jpg 500w\" sizes=\"(max-width: 1024px) 100vw, 1024px\" \/><a href='https:\/\/www.domussuperior.com\/wp-content\/uploads\/2021\/04\/venice_1444469828.jpg' title=\"Sunrise in San Marco square with Campanile and San Marco's Basilica. The main square of the old town. Venice, Veneto Italy. Reflection on the flooded square.\" data-rel-fg='prettyPhoto[album-1]' class='fg_magnificPopup'><span class='fg-zoom-icon icon-plus'><\/span><span style='display:none'><img width=\"1024\" height=\"576\" src=\"https:\/\/www.domussuperior.com\/wp-content\/uploads\/2021\/04\/venice_1444469828-1024x576.jpg\" class=\"attachment-large size-large\" alt=\"\" decoding=\"async\" loading=\"lazy\" srcset=\"https:\/\/www.domussuperior.com\/wp-content\/uploads\/2021\/04\/venice_1444469828-1024x576.jpg 1024w, https:\/\/www.domussuperior.com\/wp-content\/uploads\/2021\/04\/venice_1444469828-300x169.jpg 300w, https:\/\/www.domussuperior.com\/wp-content\/uploads\/2021\/04\/venice_1444469828-768x432.jpg 768w, https:\/\/www.domussuperior.com\/wp-content\/uploads\/2021\/04\/venice_1444469828-1536x864.jpg 1536w, https:\/\/www.domussuperior.com\/wp-content\/uploads\/2021\/04\/venice_1444469828-2048x1152.jpg 2048w, https:\/\/www.domussuperior.com\/wp-content\/uploads\/2021\/04\/venice_1444469828-500x281.jpg 500w\" sizes=\"(max-width: 1024px) 100vw, 1024px\" \/><\/span><\/a><\/div><\/div><\/div><div class='fg-gallery-item  '>\r\n\t\t\t\t\t<div class='fastgallery-gallery-icon no-caption'><div class='fg_zoom'><img width=\"1024\" height=\"576\" src=\"https:\/\/www.domussuperior.com\/wp-content\/uploads\/2021\/04\/venice_1008425929-1024x576.jpg\" class=\"attachment-large size-large\" alt=\"\" decoding=\"async\" loading=\"lazy\" srcset=\"https:\/\/www.domussuperior.com\/wp-content\/uploads\/2021\/04\/venice_1008425929-1024x576.jpg 1024w, https:\/\/www.domussuperior.com\/wp-content\/uploads\/2021\/04\/venice_1008425929-300x169.jpg 300w, https:\/\/www.domussuperior.com\/wp-content\/uploads\/2021\/04\/venice_1008425929-768x432.jpg 768w, https:\/\/www.domussuperior.com\/wp-content\/uploads\/2021\/04\/venice_1008425929-1536x864.jpg 1536w, https:\/\/www.domussuperior.com\/wp-content\/uploads\/2021\/04\/venice_1008425929-2048x1152.jpg 2048w, https:\/\/www.domussuperior.com\/wp-content\/uploads\/2021\/04\/venice_1008425929-500x281.jpg 500w\" sizes=\"(max-width: 1024px) 100vw, 1024px\" \/><a href='https:\/\/www.domussuperior.com\/wp-content\/uploads\/2021\/04\/venice_1008425929.jpg' title=\"Colorful carnival masks at a traditional festival in Venice, Italy\" data-rel-fg='prettyPhoto[album-1]' class='fg_magnificPopup'><span class='fg-zoom-icon icon-plus'><\/span><span style='display:none'><img width=\"1024\" height=\"576\" src=\"https:\/\/www.domussuperior.com\/wp-content\/uploads\/2021\/04\/venice_1008425929-1024x576.jpg\" class=\"attachment-large size-large\" alt=\"\" decoding=\"async\" loading=\"lazy\" srcset=\"https:\/\/www.domussuperior.com\/wp-content\/uploads\/2021\/04\/venice_1008425929-1024x576.jpg 1024w, https:\/\/www.domussuperior.com\/wp-content\/uploads\/2021\/04\/venice_1008425929-300x169.jpg 300w, https:\/\/www.domussuperior.com\/wp-content\/uploads\/2021\/04\/venice_1008425929-768x432.jpg 768w, https:\/\/www.domussuperior.com\/wp-content\/uploads\/2021\/04\/venice_1008425929-1536x864.jpg 1536w, https:\/\/www.domussuperior.com\/wp-content\/uploads\/2021\/04\/venice_1008425929-2048x1152.jpg 2048w, https:\/\/www.domussuperior.com\/wp-content\/uploads\/2021\/04\/venice_1008425929-500x281.jpg 500w\" sizes=\"(max-width: 1024px) 100vw, 1024px\" \/><\/span><\/a><\/div><\/div><\/div>\r\n\t\t\t\t\t<\/div>\n<div class=\"fg_clear\"><\/div>[\/vc_column][\/vc_row]<\/p>\n","protected":false},"excerpt":{"rendered":"<p>[vc_row full_width=\u00a0\u00bbstretch_row_content\u00a0\u00bb][vc_column][vc_raw_html]JTNDZGl2JTIwY2xhc3MlM0QlMjJhcnJvdy13cmFwcGVyJTIyJTNFJTNDZGl2JTIwY2xhc3MlM0QlMjJhcnJvdyUyMiUzRSUzQyUyRmRpdiUzRSUzQyUyRmRpdiUzRQ==[\/vc_raw_html][\/vc_column][\/vc_row][vc_row full_width=\u00a0\u00bbstretch_row_content\u00a0\u00bb][vc_column][vc_empty_space height=\u00a0\u00bb100px\u00a0\u00bb][vc_column_text] PR\u00c8S DE [\/vc_column_text][vc_empty_space height=\u00a0\u00bb50px\u00a0\u00bb][\/vc_column][\/vc_row][vc_row css=\u00a0\u00bb.vc_custom_1599480130175{padding-top: 50px !important;padding-bottom: 50px !important;}\u00a0\u00bb][vc_column][vc_column_text] Venise est un lieu exceptionnel, riche en culture et en traditions, avec des milliers d&rsquo;ann\u00e9es d&rsquo;histoire derri\u00e8re lui. R\u00e9put\u00e9e dans le monde entier, Venise offre un s\u00e9jour riche en connaissances, en architecture et en histoire, associ\u00e9 \u00e0 une cuisine typique o\u00f9 les&hellip;<\/p>\n","protected":false},"author":1,"featured_media":0,"parent":0,"menu_order":0,"comment_status":"closed","ping_status":"closed","template":"","meta":{"_monsterinsights_skip_tracking":false,"_monsterinsights_sitenote_active":false,"_monsterinsights_sitenote_note":"","_monsterinsights_sitenote_category":0},"aioseo_notices":[],"_links":{"self":[{"href":"https:\/\/www.domussuperior.com\/fr\/wp-json\/wp\/v2\/pages\/218"}],"collection":[{"href":"https:\/\/www.domussuperior.com\/fr\/wp-json\/wp\/v2\/pages"}],"about":[{"href":"https:\/\/www.domussuperior.com\/fr\/wp-json\/wp\/v2\/types\/page"}],"author":[{"embeddable":true,"href":"https:\/\/www.domussuperior.com\/fr\/wp-json\/wp\/v2\/users\/1"}],"replies":[{"embeddable":true,"href":"https:\/\/www.domussuperior.com\/fr\/wp-json\/wp\/v2\/comments?post=218"}],"version-history":[{"count":1,"href":"https:\/\/www.domussuperior.com\/fr\/wp-json\/wp\/v2\/pages\/218\/revisions"}],"predecessor-version":[{"id":219,"href":"https:\/\/www.domussuperior.com\/fr\/wp-json\/wp\/v2\/pages\/218\/revisions\/219"}],"wp:attachment":[{"href":"https:\/\/www.domussuperior.com\/fr\/wp-json\/wp\/v2\/media?parent=218"}],"curies":[{"name":"wp","href":"https:\/\/api.w.org\/{rel}","templated":true}]}}